{"id":8246,"date":"2021-07-03T03:04:00","date_gmt":"2021-07-03T08:04:00","guid":{"rendered":"https:\/\/curvatubing.com\/?page_id=8246"},"modified":"2026-04-12T04:39:22","modified_gmt":"2026-04-12T10:39:22","slug":"soportes","status":"publish","type":"page","link":"https:\/\/curvatubing.com\/?page_id=8246","title":{"rendered":"Soportes para tanque de combustible tractocami\u00f3n"},"content":{"rendered":"\n<div class=\"wp-block-columns is-layout-flex wp-container-core-columns-is-layout-9d6595d7 wp-block-columns-is-layout-flex\">\n<div class=\"wp-block-column is-layout-flow wp-block-column-is-layout-flow\" style=\"flex-basis:66.66%\">\n<p><strong>SOPORTE PARA TANQUE DE COMBUSTIBLE DE 19\u201d DI\u00c1METRO<\/strong><\/p>\n\n\n\n<p>Fabricado en acero al carb\u00f3n l\u00e1mina calibre 12.<\/p>\n\n\n\n<p>Pintura negro mate.<\/p>\n\n\n\n<p class=\"has-tertiary-color has-text-color\"><a href=\"https:\/\/curvatubing.com\/wp-content\/uploads\/2022\/08\/CVT-TSN0262.pdf\" target=\"_blank\" rel=\"noreferrer noopener\">Ficha 1<\/a><\/p>\n\n\n\n<p class=\"has-tertiary-color has-text-color\"><a href=\"https:\/\/curvatubing.com\/wp-content\/uploads\/2022\/08\/CVT-TSN0262_1.pdf\" target=\"_blank\" rel=\"noreferrer noopener\">Ficha 2<\/a><\/p>\n\n\n\n<p><\/p>\n\n\n\n<p><strong>ACCESORIOS:<\/strong><\/p>\n\n\n\n<div class=\"wp-block-columns is-layout-flex wp-container-core-columns-is-layout-9d6595d7 wp-block-columns-is-layout-flex\">\n<div class=\"wp-block-column is-layout-flow wp-block-column-is-layout-flow\" style=\"flex-basis:66.66%\">\n<p class=\"has-tertiary-color has-text-color\"><a href=\"https:\/\/curvatubing.com\/wp-content\/uploads\/2022\/08\/CVT-TSN0262_2.pdf\" target=\"_blank\" rel=\"noreferrer noopener\">Ficha<\/a><\/p>\n<\/div>\n<\/div>\n<\/div>\n\n\n\n<div class=\"wp-block-column is-layout-flow wp-block-column-is-layout-flow\" style=\"flex-basis:33.33%\">\n<figure class=\"wp-block-image size-large is-resized\"><a href=\"https:\/\/curvatubing.com\/wp-content\/uploads\/2021\/07\/Soporte19_2.png\"><img loading=\"lazy\" decoding=\"async\" src=\"https:\/\/curvatubing.com\/wp-content\/uploads\/2021\/07\/Soporte19_2.png\" alt=\"Soporte 19&quot;\" class=\"wp-image-8267\" width=\"141\" height=\"226\" srcset=\"https:\/\/curvatubing.com\/wp-content\/uploads\/2021\/07\/Soporte19_2.png 589w, https:\/\/curvatubing.com\/wp-content\/uploads\/2021\/07\/Soporte19_2-187x300.png 187w\" sizes=\"auto, (max-width: 141px) 100vw, 141px\" \/><\/a><figcaption>Soporte para tanque de 19&#8243;<\/figcaption><\/figure>\n\n\n\n<figure class=\"wp-block-image size-full is-resized\"><a href=\"https:\/\/curvatubing.com\/wp-content\/uploads\/2021\/09\/Soporte19_3.png\"><img loading=\"lazy\" decoding=\"async\" src=\"https:\/\/curvatubing.com\/wp-content\/uploads\/2021\/09\/Soporte19_3.png\" alt=\"\" class=\"wp-image-8353\" width=\"141\" height=\"225\"\/><\/a><figcaption>Accesorios para  soporte de 19&#8243;<\/figcaption><\/figure>\n<\/div>\n<\/div>\n\n\n\n<div class=\"wp-block-columns is-layout-flex wp-container-core-columns-is-layout-9d6595d7 wp-block-columns-is-layout-flex\">\n<div class=\"wp-block-column is-layout-flow wp-block-column-is-layout-flow\">\n<figure class=\"wp-block-image size-large is-resized\"><a href=\"https:\/\/curvatubing.com\/wp-content\/uploads\/2022\/03\/IMG_0489.png\"><img loading=\"lazy\" decoding=\"async\" src=\"https:\/\/curvatubing.com\/wp-content\/uploads\/2022\/03\/IMG_0489-1024x485.png\" alt=\"Soporte 19&quot;\" class=\"wp-image-8499\" width=\"402\" height=\"190\" srcset=\"https:\/\/curvatubing.com\/wp-content\/uploads\/2022\/03\/IMG_0489-1024x485.png 1024w, https:\/\/curvatubing.com\/wp-content\/uploads\/2022\/03\/IMG_0489-300x142.png 300w, https:\/\/curvatubing.com\/wp-content\/uploads\/2022\/03\/IMG_0489-768x364.png 768w, https:\/\/curvatubing.com\/wp-content\/uploads\/2022\/03\/IMG_0489-1536x728.png 1536w, https:\/\/curvatubing.com\/wp-content\/uploads\/2022\/03\/IMG_0489-2048x970.png 2048w, https:\/\/curvatubing.com\/wp-content\/uploads\/2022\/03\/IMG_0489-1600x758.png 1600w\" sizes=\"auto, (max-width: 402px) 100vw, 402px\" \/><\/a><figcaption>Soporte 19&#8243;<\/figcaption><\/figure>\n<\/div>\n\n\n\n<div class=\"wp-block-column is-layout-flow wp-block-column-is-layout-flow\">\n<figure class=\"wp-block-image size-large is-resized\"><a href=\"https:\/\/curvatubing.com\/wp-content\/uploads\/2022\/03\/IMG_0486.png\"><img loading=\"lazy\" decoding=\"async\" src=\"https:\/\/curvatubing.com\/wp-content\/uploads\/2022\/03\/IMG_0486-1024x768.png\" alt=\"Soporte 19&quot;\" class=\"wp-image-8498\" width=\"320\" height=\"239\" srcset=\"https:\/\/curvatubing.com\/wp-content\/uploads\/2022\/03\/IMG_0486-1024x768.png 1024w, https:\/\/curvatubing.com\/wp-content\/uploads\/2022\/03\/IMG_0486-300x225.png 300w, https:\/\/curvatubing.com\/wp-content\/uploads\/2022\/03\/IMG_0486-768x576.png 768w, https:\/\/curvatubing.com\/wp-content\/uploads\/2022\/03\/IMG_0486-1536x1152.png 1536w, https:\/\/curvatubing.com\/wp-content\/uploads\/2022\/03\/IMG_0486-2048x1536.png 2048w, https:\/\/curvatubing.com\/wp-content\/uploads\/2022\/03\/IMG_0486-1600x1200.png 1600w\" sizes=\"auto, (max-width: 320px) 100vw, 320px\" \/><\/a><figcaption>Soporte 19&#8243;<\/figcaption><\/figure>\n<\/div>\n<\/div>\n\n\n\n<div class=\"wp-block-columns is-layout-flex wp-container-core-columns-is-layout-9d6595d7 wp-block-columns-is-layout-flex\">\n<div class=\"wp-block-column is-layout-flow wp-block-column-is-layout-flow\" style=\"flex-basis:66.66%\">\n<p><strong>SOPORTE PARA TANQUE DE COMBUSTIBLE DE 22\u201d DI\u00c1METRO<\/strong><\/p>\n\n\n\n<p>Fabricado en acero al carb\u00f3n l\u00e1mina calibre 8.<\/p>\n\n\n\n<p>Pintura negro mate<\/p>\n\n\n\n<p class=\"has-tertiary-color has-text-color\"><a href=\"https:\/\/curvatubing.com\/wp-content\/uploads\/2021\/07\/CVT-TSN22.pdf\" target=\"_blank\" rel=\"noreferrer noopener\">Ficha 1<\/a><\/p>\n\n\n\n<p class=\"has-tertiary-color has-text-color\"><a href=\"https:\/\/curvatubing.com\/wp-content\/uploads\/2021\/07\/CVT-TSN22_1.pdf\" target=\"_blank\" rel=\"noreferrer noopener\">Ficha 2<\/a><\/p>\n\n\n\n<p><\/p>\n\n\n\n<p><\/p>\n\n\n\n<p> <strong>ACCESORIOS:<\/strong> <\/p>\n\n\n\n<p class=\"has-tertiary-color has-text-color\"> <a href=\"https:\/\/curvatubing.com\/wp-content\/uploads\/2021\/09\/CVT-TSN22_2-1.pdf\" target=\"_blank\" rel=\"noreferrer noopener\">Ficha<\/a><\/p>\n<\/div>\n\n\n\n<div class=\"wp-block-column is-layout-flow wp-block-column-is-layout-flow\" style=\"flex-basis:33.33%\">\n<figure class=\"wp-block-image size-large is-resized\"><a href=\"https:\/\/curvatubing.com\/wp-content\/uploads\/2021\/07\/Soporte22_2.png\"><img loading=\"lazy\" decoding=\"async\" src=\"https:\/\/curvatubing.com\/wp-content\/uploads\/2021\/07\/Soporte22_2-603x1024.png\" alt=\"Soporte 22&quot;\" class=\"wp-image-8271\" width=\"147\" height=\"248\"\/><\/a><figcaption>Soporte para tanque 22&#8243;<\/figcaption><\/figure>\n\n\n\n<figure class=\"wp-block-image size-full is-resized\"><a href=\"https:\/\/curvatubing.com\/wp-content\/uploads\/2021\/09\/Soporte22_3.png\"><img loading=\"lazy\" decoding=\"async\" src=\"https:\/\/curvatubing.com\/wp-content\/uploads\/2021\/09\/Soporte22_3.png\" alt=\"\" class=\"wp-image-8354\" width=\"147\" height=\"248\"\/><\/a><figcaption>Accesorios para soporte de 22&#8243;<\/figcaption><\/figure>\n<\/div>\n<\/div>\n\n\n\n<div class=\"wp-block-columns is-layout-flex wp-container-core-columns-is-layout-9d6595d7 wp-block-columns-is-layout-flex\">\n<div class=\"wp-block-column is-layout-flow wp-block-column-is-layout-flow\">\n<figure class=\"wp-block-image size-large is-resized\"><a href=\"https:\/\/curvatubing.com\/wp-content\/uploads\/2022\/03\/IMG_0514.png\"><img loading=\"lazy\" decoding=\"async\" src=\"https:\/\/curvatubing.com\/wp-content\/uploads\/2022\/03\/IMG_0514-1024x555.png\" alt=\"Soporte 22&quot;\" class=\"wp-image-8506\" width=\"417\" height=\"225\" srcset=\"https:\/\/curvatubing.com\/wp-content\/uploads\/2022\/03\/IMG_0514-1024x555.png 1024w, https:\/\/curvatubing.com\/wp-content\/uploads\/2022\/03\/IMG_0514-300x163.png 300w, https:\/\/curvatubing.com\/wp-content\/uploads\/2022\/03\/IMG_0514-768x416.png 768w, https:\/\/curvatubing.com\/wp-content\/uploads\/2022\/03\/IMG_0514-1536x832.png 1536w, https:\/\/curvatubing.com\/wp-content\/uploads\/2022\/03\/IMG_0514-2048x1109.png 2048w, https:\/\/curvatubing.com\/wp-content\/uploads\/2022\/03\/IMG_0514-1600x867.png 1600w\" sizes=\"auto, (max-width: 417px) 100vw, 417px\" \/><\/a><figcaption>Soporte 22&#8243;<\/figcaption><\/figure>\n<\/div>\n\n\n\n<div class=\"wp-block-column is-layout-flow wp-block-column-is-layout-flow\">\n<figure class=\"wp-block-image size-large is-resized\"><a href=\"https:\/\/curvatubing.com\/wp-content\/uploads\/2022\/03\/IMG_0506-1.png\"><img loading=\"lazy\" decoding=\"async\" src=\"https:\/\/curvatubing.com\/wp-content\/uploads\/2022\/03\/IMG_0506-1-1024x768.png\" alt=\"Soporte 22&quot;\" class=\"wp-image-8507\" width=\"336\" height=\"252\" srcset=\"https:\/\/curvatubing.com\/wp-content\/uploads\/2022\/03\/IMG_0506-1-1024x768.png 1024w, https:\/\/curvatubing.com\/wp-content\/uploads\/2022\/03\/IMG_0506-1-300x225.png 300w, https:\/\/curvatubing.com\/wp-content\/uploads\/2022\/03\/IMG_0506-1-768x576.png 768w, https:\/\/curvatubing.com\/wp-content\/uploads\/2022\/03\/IMG_0506-1-1536x1152.png 1536w, https:\/\/curvatubing.com\/wp-content\/uploads\/2022\/03\/IMG_0506-1-2048x1536.png 2048w, https:\/\/curvatubing.com\/wp-content\/uploads\/2022\/03\/IMG_0506-1-1600x1200.png 1600w\" sizes=\"auto, (max-width: 336px) 100vw, 336px\" \/><\/a><figcaption>Soporte 22&#8243;<\/figcaption><\/figure>\n<\/div>\n<\/div>\n\n\n\n<div class=\"wp-block-columns is-layout-flex wp-container-core-columns-is-layout-9d6595d7 wp-block-columns-is-layout-flex\">\n<div class=\"wp-block-column is-layout-flow wp-block-column-is-layout-flow\" style=\"flex-basis:66.66%\">\n<p><strong>SOPORTE PARA TANQUE DE COMBUSTIBLE DE 24\u201d y 24.5&#8243; DI\u00c1METRO TIPO KW<\/strong><\/p>\n\n\n\n<p>Fabricado en acero al carb\u00f3n l\u00e1mina espesor 3\/16\u201d tambi\u00e9n disponible en calibre 8.<\/p>\n\n\n\n<p>Pintura negro mate<\/p>\n\n\n\n<p class=\"has-tertiary-color has-text-color\"><a href=\"https:\/\/curvatubing.com\/wp-content\/uploads\/2021\/08\/CVT-TSN24.pdf\" target=\"_blank\" rel=\"noreferrer noopener\">Ficha 1<\/a><\/p>\n\n\n\n<p class=\"has-tertiary-color has-text-color\"><a href=\"https:\/\/curvatubing.com\/wp-content\/uploads\/2021\/08\/CVT-TSN24_1.pdf\" target=\"_blank\" rel=\"noreferrer noopener\">Ficha 2<\/a> <\/p>\n\n\n\n<p><\/p>\n\n\n\n<p><\/p>\n\n\n\n<p> <strong>ACCESORIOS:<\/strong> <\/p>\n\n\n\n<p class=\"has-tertiary-color has-text-color\"><a href=\"https:\/\/curvatubing.com\/wp-content\/uploads\/2021\/09\/CVT-TSN24_2-1.pdf\" target=\"_blank\" rel=\"noreferrer noopener\">Ficha<\/a><\/p>\n<\/div>\n\n\n\n<div class=\"wp-block-column is-layout-flow wp-block-column-is-layout-flow\" style=\"flex-basis:33.33%\">\n<figure class=\"wp-block-image size-large is-resized\"><a href=\"https:\/\/curvatubing.com\/wp-content\/uploads\/2021\/06\/Soporte24_2.png\"><img loading=\"lazy\" decoding=\"async\" src=\"https:\/\/curvatubing.com\/wp-content\/uploads\/2021\/06\/Soporte24_2.png\" alt=\"Soporte 24&quot;\" class=\"wp-image-8228\" width=\"174\" height=\"276\"\/><\/a><figcaption>Soporte para tanque de 24&#8243;<\/figcaption><\/figure>\n\n\n\n<figure class=\"wp-block-image size-full is-resized\"><a href=\"https:\/\/curvatubing.com\/wp-content\/uploads\/2021\/09\/Soporte24_3.png\"><img loading=\"lazy\" decoding=\"async\" src=\"https:\/\/curvatubing.com\/wp-content\/uploads\/2021\/09\/Soporte24_3.png\" alt=\"\" class=\"wp-image-8355\" width=\"174\" height=\"276\"\/><\/a><figcaption><a href=\"https:\/\/curvatubing.com\/wp-content\/uploads\/2021\/09\/Soporte22_3.png\"><\/a>Accesorios para soporte de 24&#8243;<\/figcaption><\/figure>\n<\/div>\n<\/div>\n\n\n\n<div class=\"wp-block-columns is-layout-flex wp-container-core-columns-is-layout-9d6595d7 wp-block-columns-is-layout-flex\">\n<div class=\"wp-block-column is-layout-flow wp-block-column-is-layout-flow\">\n<figure class=\"wp-block-image size-large is-resized\"><a href=\"https:\/\/curvatubing.com\/wp-content\/uploads\/2022\/03\/IMG_0460.png\"><img loading=\"lazy\" decoding=\"async\" src=\"https:\/\/curvatubing.com\/wp-content\/uploads\/2022\/03\/IMG_0460-1024x531.png\" alt=\"Soporte 24&quot;\" class=\"wp-image-8508\" width=\"422\" height=\"218\" srcset=\"https:\/\/curvatubing.com\/wp-content\/uploads\/2022\/03\/IMG_0460-1024x531.png 1024w, https:\/\/curvatubing.com\/wp-content\/uploads\/2022\/03\/IMG_0460-300x156.png 300w, https:\/\/curvatubing.com\/wp-content\/uploads\/2022\/03\/IMG_0460-768x398.png 768w, https:\/\/curvatubing.com\/wp-content\/uploads\/2022\/03\/IMG_0460-1536x796.png 1536w, https:\/\/curvatubing.com\/wp-content\/uploads\/2022\/03\/IMG_0460-2048x1062.png 2048w, https:\/\/curvatubing.com\/wp-content\/uploads\/2022\/03\/IMG_0460-1600x829.png 1600w\" sizes=\"auto, (max-width: 422px) 100vw, 422px\" \/><\/a><figcaption>Soporte 24&#8243;<\/figcaption><\/figure>\n<\/div>\n\n\n\n<div class=\"wp-block-column is-layout-flow wp-block-column-is-layout-flow\">\n<figure class=\"wp-block-image size-large is-resized\"><a href=\"https:\/\/curvatubing.com\/wp-content\/uploads\/2022\/04\/IMG_0498.png\"><img loading=\"lazy\" decoding=\"async\" src=\"https:\/\/curvatubing.com\/wp-content\/uploads\/2022\/04\/IMG_0498-1024x512.png\" alt=\"Soporte 24&quot;\" class=\"wp-image-8537\" width=\"388\" height=\"194\" srcset=\"https:\/\/curvatubing.com\/wp-content\/uploads\/2022\/04\/IMG_0498-1024x512.png 1024w, https:\/\/curvatubing.com\/wp-content\/uploads\/2022\/04\/IMG_0498-300x150.png 300w, https:\/\/curvatubing.com\/wp-content\/uploads\/2022\/04\/IMG_0498-768x384.png 768w, https:\/\/curvatubing.com\/wp-content\/uploads\/2022\/04\/IMG_0498-1536x768.png 1536w, https:\/\/curvatubing.com\/wp-content\/uploads\/2022\/04\/IMG_0498-2048x1024.png 2048w, https:\/\/curvatubing.com\/wp-content\/uploads\/2022\/04\/IMG_0498-1600x800.png 1600w\" sizes=\"auto, (max-width: 388px) 100vw, 388px\" \/><\/a><figcaption>Soporte 24&#8243;<\/figcaption><\/figure>\n<\/div>\n<\/div>\n\n\n\n<div class=\"wp-block-columns is-layout-flex wp-container-core-columns-is-layout-9d6595d7 wp-block-columns-is-layout-flex\">\n<div class=\"wp-block-column is-layout-flow wp-block-column-is-layout-flow\" style=\"flex-basis:66.66%\">\n<p><strong>SOPORTE PARA TANQUE DE COMBUSTIBLE DE 16\u201d DI\u00c1METRO TIPO SERIE 4000<\/strong><\/p>\n\n\n\n<p>Fabricado en acero al carb\u00f3n l\u00e1mina espesor calibre 9.<\/p>\n\n\n\n<p>Pintura negro mate<\/p>\n\n\n\n<p class=\"has-tertiary-color has-text-color\"><a href=\"https:\/\/curvatubing.com\/wp-content\/uploads\/2021\/07\/CVT-TSN1625.pdf\" target=\"_blank\" rel=\"noreferrer noopener\">Ficha 1<\/a><\/p>\n\n\n\n<p class=\"has-tertiary-color has-text-color\"><a href=\"https:\/\/curvatubing.com\/wp-content\/uploads\/2021\/09\/CVT-TSN1625_1.pdf\" target=\"_blank\" rel=\"noreferrer noopener\">Ficha 2<\/a><\/p>\n\n\n\n<p><\/p>\n\n\n\n<p><\/p>\n\n\n\n<p><\/p>\n\n\n\n<p><\/p>\n\n\n\n<p> <strong>ACCESORIOS:<\/strong> <\/p>\n\n\n\n<p class=\"has-tertiary-color has-text-color\"> <a href=\"https:\/\/curvatubing.com\/wp-content\/uploads\/2021\/09\/CVT-TSN1625_2.pdf\" target=\"_blank\" rel=\"noreferrer noopener\">Ficha<\/a><\/p>\n<\/div>\n\n\n\n<div class=\"wp-block-column is-layout-flow wp-block-column-is-layout-flow\" style=\"flex-basis:33.33%\">\n<figure class=\"wp-block-image size-large is-resized\"><img loading=\"lazy\" decoding=\"async\" src=\"https:\/\/curvatubing.com\/wp-content\/uploads\/2021\/07\/Soporte1625_2.png\" alt=\"\" width=\"153\" height=\"341\"\/><figcaption>Soporte para tanque de 16&#8243; SERIE 4000<\/figcaption><\/figure>\n\n\n\n<figure class=\"wp-block-image size-full is-resized\"><a href=\"https:\/\/curvatubing.com\/wp-content\/uploads\/2021\/09\/Soporte1625_3.png\"><img loading=\"lazy\" decoding=\"async\" src=\"https:\/\/curvatubing.com\/wp-content\/uploads\/2021\/09\/Soporte1625_3.png\" alt=\"\" class=\"wp-image-8356\" width=\"153\" height=\"341\"\/><\/a><figcaption><a href=\"https:\/\/curvatubing.com\/wp-content\/uploads\/2021\/09\/Soporte22_3.png\"><\/a>Accesorios para soporte de 16&#8243; SERIE 4000<\/figcaption><\/figure>\n\n\n\n<p><\/p>\n<\/div>\n<\/div>\n\n\n\n<div class=\"wp-block-columns is-layout-flex wp-container-core-columns-is-layout-9d6595d7 wp-block-columns-is-layout-flex\">\n<div class=\"wp-block-column is-layout-flow wp-block-column-is-layout-flow\" style=\"flex-basis:66.66%\">\n<p><strong>SOPORTE PARA TANQUE DE COMBUSTIBLE DE 19\u201d DI\u00c1METRO TIPO SERIE 4000<\/strong><\/p>\n\n\n\n<p>Fabricado en acero al carb\u00f3n l\u00e1mina espesor calibre 9.<\/p>\n\n\n\n<p>Pintura negro mate<\/p>\n\n\n\n<p class=\"has-tertiary-color has-text-color\"><a href=\"https:\/\/curvatubing.com\/wp-content\/uploads\/2021\/07\/CVT-TSN1925.pdf\" target=\"_blank\" rel=\"noreferrer noopener\">Ficha 1<\/a><\/p>\n\n\n\n<p class=\"has-tertiary-color has-text-color\"><a href=\"https:\/\/curvatubing.com\/wp-content\/uploads\/2021\/09\/CVT-TSN1925_1.pdf\" target=\"_blank\" rel=\"noreferrer noopener\">Ficha 2<\/a><\/p>\n\n\n\n<p><\/p>\n\n\n\n<p><\/p>\n\n\n\n<p><\/p>\n\n\n\n<p><\/p>\n\n\n\n<p> <strong>ACCESORIOS:<\/strong> <\/p>\n\n\n\n<p class=\"has-tertiary-color has-text-color\"><a href=\"https:\/\/curvatubing.com\/wp-content\/uploads\/2021\/09\/CVT-TSN1925_2.pdf\" target=\"_blank\" rel=\"noreferrer noopener\">Ficha<\/a><\/p>\n<\/div>\n\n\n\n<div class=\"wp-block-column is-layout-flow wp-block-column-is-layout-flow\" style=\"flex-basis:33.33%\">\n<figure class=\"wp-block-image size-large is-resized\"><img loading=\"lazy\" decoding=\"async\" src=\"https:\/\/curvatubing.com\/wp-content\/uploads\/2021\/07\/Soporte1925_2.png\" alt=\"\" width=\"171\" height=\"354\"\/><figcaption>Soporte para tanque de 19&#8243; SERIE 4000<\/figcaption><\/figure>\n\n\n\n<figure class=\"wp-block-image size-full is-resized\"><a href=\"https:\/\/curvatubing.com\/wp-content\/uploads\/2021\/09\/Soporte1925_3.png\"><img loading=\"lazy\" decoding=\"async\" src=\"https:\/\/curvatubing.com\/wp-content\/uploads\/2021\/09\/Soporte1925_3.png\" alt=\"\" class=\"wp-image-8357\" width=\"171\" height=\"354\"\/><\/a><figcaption> Accesorios para soporte de 19&#8243; SERIE 4000 <\/figcaption><\/figure>\n<\/div>\n<\/div>\n","protected":false},"excerpt":{"rendered":"<p>SOPORTE PARA TANQUE DE COMBUSTIBLE DE 19\u201d DI\u00c1METRO Fabricado en acero al carb\u00f3n l\u00e1mina calibre 12. Pintura negro mate. Ficha&hellip;<\/p>\n","protected":false},"author":1,"featured_media":8521,"parent":0,"menu_order":0,"comment_status":"closed","ping_status":"closed","template":"","meta":{"_exactmetrics_skip_tracking":false,"_exactmetrics_sitenote_active":false,"_exactmetrics_sitenote_note":"","_exactmetrics_sitenote_category":0,"footnotes":""},"class_list":["post-8246","page","type-page","status-publish","has-post-thumbnail","hentry"],"_links":{"self":[{"href":"https:\/\/curvatubing.com\/index.php?rest_route=\/wp\/v2\/pages\/8246","targetHints":{"allow":["GET"]}}],"collection":[{"href":"https:\/\/curvatubing.com\/index.php?rest_route=\/wp\/v2\/pages"}],"about":[{"href":"https:\/\/curvatubing.com\/index.php?rest_route=\/wp\/v2\/types\/page"}],"author":[{"embeddable":true,"href":"https:\/\/curvatubing.com\/index.php?rest_route=\/wp\/v2\/users\/1"}],"replies":[{"embeddable":true,"href":"https:\/\/curvatubing.com\/index.php?rest_route=%2Fwp%2Fv2%2Fcomments&post=8246"}],"version-history":[{"count":27,"href":"https:\/\/curvatubing.com\/index.php?rest_route=\/wp\/v2\/pages\/8246\/revisions"}],"predecessor-version":[{"id":9018,"href":"https:\/\/curvatubing.com\/index.php?rest_route=\/wp\/v2\/pages\/8246\/revisions\/9018"}],"wp:featuredmedia":[{"embeddable":true,"href":"https:\/\/curvatubing.com\/index.php?rest_route=\/wp\/v2\/media\/8521"}],"wp:attachment":[{"href":"https:\/\/curvatubing.com\/index.php?rest_route=%2Fwp%2Fv2%2Fmedia&parent=8246"}],"curies":[{"name":"wp","href":"https:\/\/api.w.org\/{rel}","templated":true}]}}