{"id":8319,"date":"2021-07-17T20:08:30","date_gmt":"2021-07-18T01:08:30","guid":{"rendered":"https:\/\/curvatubing.com\/?page_id=8319"},"modified":"2026-04-12T04:40:23","modified_gmt":"2026-04-12T10:40:23","slug":"equipos-para-uso-medico","status":"publish","type":"page","link":"https:\/\/curvatubing.com\/?page_id=8319","title":{"rendered":"Equipos Especiales"},"content":{"rendered":"\n<div class=\"wp-block-columns is-layout-flex wp-container-core-columns-is-layout-9d6595d7 wp-block-columns-is-layout-flex\">\n<div class=\"wp-block-column is-layout-flow wp-block-column-is-layout-flow\">\n<figure class=\"wp-block-image size-large\"><img decoding=\"async\" src=\"https:\/\/curvatubing.com\/wp-content\/uploads\/2021\/07\/Curvatubing_stretcher_retract.png\" alt=\"\"\/><\/figure>\n<\/div>\n\n\n\n<div class=\"wp-block-column is-layout-flow wp-block-column-is-layout-flow\">\n<p class=\"has-text-align-center\"><strong>CAMILLA ELECTRICA PARA USO EN CONSULTORIO CON ELEVACION AJUSTABLE<\/strong><\/p>\n<\/div>\n\n\n\n<div class=\"wp-block-column is-layout-flow wp-block-column-is-layout-flow\">\n<figure class=\"wp-block-image size-large\"><img decoding=\"async\" src=\"https:\/\/curvatubing.com\/wp-content\/uploads\/2021\/07\/Curvatubing_Stretcher_extended.png\" alt=\"\"\/><\/figure>\n<\/div>\n<\/div>\n\n\n\n<p>\u00b7 Altura m\u00ednima (completamente retra\u00edda) 0.50 metros<\/p>\n\n\n\n<p>\u00b7 Altura m\u00e1xima (completamente extendida) 1.10 metros<\/p>\n\n\n\n<p>\u00b7 Para peso de dise\u00f1o m\u00e1ximo 200 Kg.<\/p>\n\n\n\n<p>\u00b7 Colchoneta de hule espuma de alta densidad de espesor 10 cm y forro vinipiel con dimensiones de 1.84 x 0.80 metros.<\/p>\n\n\n\n<p>\u00b7 Estructura fabricada en tubular rectangular de acero inoxidable tipo 304.<\/p>\n\n\n\n<p>\u00b7 Alimentaci\u00f3n el\u00e9ctrica 110-120 VAC 60 Hz (cualquier contacto dom\u00e9stico)  Consumo m\u00e1ximo de 4.5A.<\/p>\n\n\n\n<p>\u00b7 Disponible con niveladores o con ruedas.<\/p>\n\n\n\n<p class=\"has-tertiary-color has-text-color\"><a href=\"https:\/\/curvatubing.com\/wp-content\/uploads\/2021\/07\/CVT-MCE-110SS.pdf\"><span class=\"has-inline-color has-tertiary-color\">Ficha Tecnica<\/span><\/a><\/p>\n","protected":false},"excerpt":{"rendered":"<p>CAMILLA ELECTRICA PARA USO EN CONSULTORIO CON ELEVACION AJUSTABLE \u00b7 Altura m\u00ednima (completamente retra\u00edda) 0.50 metros \u00b7 Altura m\u00e1xima (completamente&hellip;<\/p>\n","protected":false},"author":1,"featured_media":8314,"parent":0,"menu_order":0,"comment_status":"closed","ping_status":"closed","template":"","meta":{"_exactmetrics_skip_tracking":false,"_exactmetrics_sitenote_active":false,"_exactmetrics_sitenote_note":"","_exactmetrics_sitenote_category":0,"footnotes":""},"class_list":["post-8319","page","type-page","status-publish","has-post-thumbnail","hentry"],"_links":{"self":[{"href":"https:\/\/curvatubing.com\/index.php?rest_route=\/wp\/v2\/pages\/8319","targetHints":{"allow":["GET"]}}],"collection":[{"href":"https:\/\/curvatubing.com\/index.php?rest_route=\/wp\/v2\/pages"}],"about":[{"href":"https:\/\/curvatubing.com\/index.php?rest_route=\/wp\/v2\/types\/page"}],"author":[{"embeddable":true,"href":"https:\/\/curvatubing.com\/index.php?rest_route=\/wp\/v2\/users\/1"}],"replies":[{"embeddable":true,"href":"https:\/\/curvatubing.com\/index.php?rest_route=%2Fwp%2Fv2%2Fcomments&post=8319"}],"version-history":[{"count":8,"href":"https:\/\/curvatubing.com\/index.php?rest_route=\/wp\/v2\/pages\/8319\/revisions"}],"predecessor-version":[{"id":9019,"href":"https:\/\/curvatubing.com\/index.php?rest_route=\/wp\/v2\/pages\/8319\/revisions\/9019"}],"wp:featuredmedia":[{"embeddable":true,"href":"https:\/\/curvatubing.com\/index.php?rest_route=\/wp\/v2\/media\/8314"}],"wp:attachment":[{"href":"https:\/\/curvatubing.com\/index.php?rest_route=%2Fwp%2Fv2%2Fmedia&parent=8319"}],"curies":[{"name":"wp","href":"https:\/\/api.w.org\/{rel}","templated":true}]}}