{"id":8639,"date":"2023-02-19T13:07:07","date_gmt":"2023-02-19T19:07:07","guid":{"rendered":"https:\/\/curvatubing.com\/?page_id=8639"},"modified":"2023-02-19T13:22:17","modified_gmt":"2023-02-19T19:22:17","slug":"politica-de-privacidad","status":"publish","type":"page","link":"https:\/\/curvatubing.com\/?page_id=8639","title":{"rendered":"Pol\u00edtica de privacidad"},"content":{"rendered":"\n<h2 class=\"wp-block-heading\">Qui\u00e9nes somos<\/h2>\n\n\n\n<p>La direcci\u00f3n de nuestra web es: https:\/\/curvatubing.com.<\/p>\n\n\n\n<h2 class=\"wp-block-heading\">Comentarios<\/h2>\n\n\n\n<p>Cuando los visitantes dejan comentarios en la web, recopilamos los datos que se muestran en el formulario de comentarios o contacto, as\u00ed como la direcci\u00f3n IP del visitante (por parte del proveedor de hosting) y la cadena de agentes de usuario del navegador para ayudar a la detecci\u00f3n de spam.<\/p>\n\n\n\n<p>Una cadena an\u00f3nima creada a partir de tu direcci\u00f3n de correo electr\u00f3nico (tambi\u00e9n llamada hash) puede ser proporcionada al servicio de Gravatar (por parte del proveedor de hosting) para ver si la est\u00e1s usando. La pol\u00edtica de privacidad del servicio Gravatar est\u00e1 disponible aqu\u00ed: https:\/\/automattic.com\/privacy\/. Despu\u00e9s de la aprobaci\u00f3n de tu comentario, la imagen de tu perfil es visible para el p\u00fablico en el contexto de tu comentario.<\/p>\n\n\n\n<h2 class=\"wp-block-heading\">Medios<\/h2>\n\n\n\n<p>Si subes im\u00e1genes a la web, deber\u00edas evitar subir im\u00e1genes con datos de ubicaci\u00f3n (GPS EXIF) incluidos. Los visitantes de la web pueden descargar y extraer cualquier dato de ubicaci\u00f3n de las im\u00e1genes de la web.<\/p>\n\n\n\n<h2 class=\"wp-block-heading\">Cookies<\/h2>\n\n\n\n<p>Si dejas un comentario o al llenar el formulario de contacto en nuestro sitio puedes elegir guardar tu nombre, direcci\u00f3n de correo electr\u00f3nico y web en cookies. Esto es para tu comodidad, para que no tengas que volver a rellenar tus datos cuando dejes otro comentario. Estas cookies tendr\u00e1n una duraci\u00f3n de un a\u00f1o.<\/p>\n\n\n\n<p>Si tienes una cuenta y te conectas a este sitio, instalaremos una cookie temporal para determinar si tu navegador acepta cookies. Esta cookie no contiene datos personales y se elimina al cerrar el navegador.<\/p>\n\n\n\n<p><\/p>\n\n\n\n<h2 class=\"wp-block-heading\">Contenido incrustado de otros sitios web<\/h2>\n\n\n\n<p>Los art\u00edculos de este sitio pueden incluir contenido incrustado (por ejemplo, v\u00eddeos, im\u00e1genes, art\u00edculos, etc.). El contenido incrustado de otras webs se comporta exactamente de la misma manera que si el visitante hubiera visitado la otra web.<\/p>\n\n\n\n<p>Estas web pueden recopilar datos sobre ti, utilizar cookies, incrustar un seguimiento adicional de terceros, y supervisar tu interacci\u00f3n con ese contenido incrustado, incluido el seguimiento de tu interacci\u00f3n con el contenido incrustado si tienes una cuenta y est\u00e1s conectado a esa web.<\/p>\n\n\n\n<h2 class=\"wp-block-heading\">Con qui\u00e9n compartimos tus datos<\/h2>\n\n\n\n<p>Curvatubing no comparte tus datos y solo ser\u00e1n usados para contactarte en caso de que as\u00ed lo solicites en nuestro formulario de contacto.<\/p>\n\n\n\n<h2 class=\"wp-block-heading\">Cu\u00e1nto tiempo conservamos tus datos<\/h2>\n\n\n\n<p>Si dejas un comentario, el comentario y sus metadatos se conservan indefinidamente (por parte del proveedor de hosting). Esto es para que podamos reconocer y aprobar comentarios sucesivos autom\u00e1ticamente, en lugar de mantenerlos en una cola de moderaci\u00f3n.<\/p>\n\n\n\n<p>De los usuarios que se registran en nuestra web (si los hay), tambi\u00e9n almacenamos la informaci\u00f3n personal que proporcionan en su perfil de usuario. Todos los usuarios pueden ver, editar o eliminar su informaci\u00f3n personal en cualquier momento (excepto que no pueden cambiar su nombre de usuario). Los administradores de la web tambi\u00e9n pueden ver y editar esa informaci\u00f3n.<\/p>\n\n\n\n<h2 class=\"wp-block-heading\">Qu\u00e9 derechos tienes sobre tus datos<\/h2>\n\n\n\n<p>Si tienes una cuenta o has dejado comentarios en esta web, puedes solicitar recibir un archivo de exportaci\u00f3n de los datos personales que tenemos sobre ti, incluyendo cualquier dato que nos hayas proporcionado. Tambi\u00e9n puedes solicitar que eliminemos cualquier dato personal que tengamos sobre ti. Esto no incluye ning\u00fan dato que estemos obligados a conservar con fines administrativos, legales o de seguridad.<\/p>\n\n\n\n<h2 class=\"wp-block-heading\">D\u00f3nde se env\u00edan tus datos<\/h2>\n\n\n\n<p>Los comentarios de los visitantes puede que los revise un servicio de detecci\u00f3n autom\u00e1tica de spam.<\/p>\n\n\n\n<p>___________________________________________________________________________________________________<\/p>\n\n\n\n<p class=\"has-text-align-center\" style=\"font-size:30px\"><strong>AVISO DE PRIVACIDAD<\/strong><\/p>\n\n\n\n<p><\/p>\n\n\n\n<p>CURVATUBING con domicilio en Aurelio Manriquez 3114, Colonia Echeverria, 44970 M\u00e9xico, es responsable de recabar sus datos personales, del uso que se le d\u00e9 a los mismos y de su protecci\u00f3n.<\/p>\n\n\n\n<p>De conformidad con lo previsto en la Ley Federal de Protecci\u00f3n de Datos Personales en Posesi\u00f3n de los Particulares (en lo sucesivo denominada como la \u201cLey\u201d) y su Reglamento, nos permitimos solicitarle leer cuidadosamente los T\u00e9rminos y Condiciones contenidos en este Aviso de Privacidad (el \u201cAviso\u201d), ya que el presente Aviso contiene los t\u00e9rminos y condiciones aplicables a los Datos Personales que se recaban por parte de CURVATUBING, en caso de que Usted otorgue su consentimiento. Su informaci\u00f3n personal ser\u00e1 utilizada para proveer los servicios y productos que ha solicitado, informarle sobre cambios en los mismos y evaluar la calidad del servicio que le brindamos.<\/p>\n\n\n\n<p>Como parte normal de sus actividades, y de conformidad con su objeto social l\u00edcito, CURVATUBING en algunos casos recaba y almacena informaci\u00f3n considerada como Datos Personales, en t\u00e9rminos de la Ley y, por tanto, dicha Sociedad es un sujeto regulado por la misma. Los Datos Personales que Usted proporciona al Responsable, o los que se generen mediante las visitas al sitio de CURVATUBING, variar\u00e1n en cada caso en concreto dependiendo de sus actividades en el sitio, y ser\u00e1n los siguientes:<\/p>\n\n\n\n<p>A. En caso de ingresar comentarios a trav\u00e9s del formulario de contacto: al utilizar esta funcionalidad, \u00fanicamente se recabar\u00e1n y almacenar\u00e1n los Datos Personales siguientes: a) Datos Generales: Nombre completo (el que Usted proporcione), su correo electr\u00f3nico y cualquier otro que Usted ingrese en los comentarios. En todos los casos, la exactitud y veracidad de los Datos Personales recabados ser\u00e1 de Usted, ya que es Usted quien tiene acceso a sus perfiles en Redes Sociales y quien ingresa su apodo. B. En todos los casos, al ingresar al Sitio de CURVATUBING, se recabar\u00e1n datos a trav\u00e9s de Cookies y Web Beacons. Dichos elementos recaban la direcci\u00f3n IP, su tipo de navegador y sistema operativo, las p\u00e1ginas de Internet que visita, h\u00e1bitos y patrones de navegaci\u00f3n y consumo, los v\u00ednculos que sigue y el sitio que visit\u00f3 antes de entrar al nuestro. De todos los Datos Personales mencionados anteriormente, se crea un perfil de usuario, que se utiliza para las finalidades descritas m\u00e1s adelante.<\/p>\n\n\n\n<p>Datos Personales Sensibles. CURVATUBING no recaba Datos Personales Sensibles. Sus Datos Personales tendr\u00e1n el uso y tratamiento para las finalidades que en forma taxativa se describen a continuaci\u00f3n: A. Finalidades primarias. a) En caso de llenar el formulario de contacto, para contactarle, resolver sus dudas y plantear una propuesta o posible relaci\u00f3n comercial, en base a sus necesidades o las de la empresa que Usted representa. B. Finalidades secundarias. a) Para identificarle, ubicarle, comunicarle, contactarle, enviarle informaci\u00f3n, as\u00ed como su uso estad\u00edstico y cient\u00edfico (an\u00e1lisis de m\u00e9tricas); b) Para desarrollar, por s\u00ed o a trav\u00e9s de sus afiliadas o cualquier tercero, estudios sobre los intereses, comportamientos y demograf\u00eda de los Titulares, a efecto de comprender mejor sus necesidades e intereses, y ofrecer mejores servicios noticiosos; c) Para mejorar nuestras iniciativas y estrategias comerciales; d) Para analizar las p\u00e1ginas de Internet visitadas, las b\u00fasquedas efectuadas por los Titulares, as\u00ed como para mejorar nuestra oferta de contenido y art\u00edculos, incluyendo su personalizaci\u00f3n, presentaci\u00f3n, programaci\u00f3n y servicios; e) Para enviar informaci\u00f3n v\u00eda correo electr\u00f3nico respecto de noticias o eventos relevantes.<\/p>\n\n\n\n<p>CURVATUBING no transferir\u00e1 sus Datos Personales sin su consentimiento, aunque podr\u00e1 utilizarlos para las finalidades que dependan de terceros, como estad\u00edsticas y el env\u00edo de boletines, sin que exista transferencia de dichos Datos. Si usted no consiente que sus datos personales sean transferidos en los t\u00e9rminos que se\u00f1ala el presente aviso de privacidad puede solicitarlo en su cuenta de soporte.<\/p>\n\n\n\n<p>La temporalidad del manejo de los Datos Personales ser\u00e1 indefinida a partir de la fecha en que Usted los proporcion\u00f3 al Responsable, y desde luego Usted podr\u00e1 oponerse en cualquier momento que lo considere oportuno, para efectos del bloqueo y cancelaci\u00f3n de los mismos. Una vez que Usted entregue al Responsable sus Datos Personales por cualquier medio, le manifestamos que estos ser\u00e1n conservados en un sistema CRM del archivo del propio sitio, cuyo acceso estar\u00e1 limitado solamente al Responsable. Sus datos personales ser\u00e1n tratados en todo momento de manera l\u00edcita y observando los principios de Licitud, Consentimiento, Informaci\u00f3n, Calidad, Finalidad, Lealtad, Proporcionalidad y Responsabilidad, en cumplimiento a lo establecido por la Ley. Cualquier duda sobre el presente Aviso, sobre sus Datos Personales y su tratamiento, o sobre como ejercer los derechos descritos a continuaci\u00f3n, la podremos atender en el tel\u00e9fono (331) 6967-520 de Lunes a Viernes de 09:00 am a 06:00 pm horas en d\u00edas h\u00e1biles, seg\u00fan corresponda. Usted tendr\u00e1 en todo momento el acceso a sus Datos Personales y\/o Datos Sensibles, ya sea para solicitar su rectificaci\u00f3n, cancelaci\u00f3n, oposici\u00f3n o revocar su consentimiento, de conformidad con lo dispuesto en la Ley (los \u201cDerechos ARCO\u201d), en forma escrita o electr\u00f3nica, a trav\u00e9s del procedimiento que encontrar\u00e1 aqu\u00ed. Deber\u00e1 dirigir su solicitud con atenci\u00f3n CURVATUBING o bien, a la direcci\u00f3n electr\u00f3nica direccion@curvatubing.com. A dicha solicitud deber\u00e1 acompa\u00f1ar lo siguiente: a. Fotograf\u00eda o scan de su identificaci\u00f3n oficial con fotograf\u00eda y firma aut\u00f3grafa o bien, si act\u00faa en representaci\u00f3n de alguien, adjuntar tambi\u00e9n copia del poder notarizado y\/o registrado ante el Registro P\u00fablico correspondiente y en su caso el acta constitutiva. b. Scan o fotograf\u00eda de un comprobante de domicilio. En el escrito Usted deber\u00e1: i) Se\u00f1alar su nombre o raz\u00f3n social y proporcionar un domicilio f\u00edsico para el despacho de la respuesta, comunicaciones, documentaci\u00f3n y respuestas; ii) Hacernos saber los Datos Personales a los que Usted desea acceder, o desea que sean rectificados, cancelados, revisados, as\u00ed como para oponerse al tratamiento o revocar su consentimiento; iii) Manifestar si conoce o recuerda el prop\u00f3sito para el cual los aport\u00f3 y el nombre del Responsable a quien se los entreg\u00f3; y iv) Establecer de manera clara, respetuosa y concisa su petici\u00f3n, as\u00ed como manifestar cualquier otra informaci\u00f3n o documento que facilite la localizaci\u00f3n de sus Datos Personales. El Responsable contar\u00e1 con un plazo de veinte d\u00edas, contados a partir de recibida la solicitud, para resolverla o requerirle mayor informaci\u00f3n. En caso de que su petici\u00f3n resulte procedente, porque Usted acredit\u00f3 su personalidad y sus Datos Personales pudieron encontrarse en nuestra base de datos, en un lapso no mayor a quince d\u00edas se proceder\u00e1 a su ejecuci\u00f3n. El Responsable le mantendr\u00e1 informado del proceso en todo momento que Usted lo solicite. La respuesta y el acceso a sus Datos, as\u00ed como los documentos de soporte, se le podr\u00e1n entregar, previo acreditamiento de identidad y\/o personalidad, a trav\u00e9s de copias certificadas por la empresa y su representante legal, documentos electr\u00f3nicos o copias simples. Siempre que la solicitud se haga a trav\u00e9s de medios electr\u00f3nicos, se dar\u00e1 preferencia a dichos medios para el env\u00edo de respuestas y resoluciones. En el caso de que el Responsable requiera usar sus Datos Personales con fines diferentes a los se\u00f1alados en el presente Aviso de Privacidad, contactar\u00e1 con Usted ya sea en forma escrita, telef\u00f3nica, electr\u00f3nica, o por cualquier medio \u00f3ptico, sonoro, visual u otro que la tecnolog\u00eda permita ahora o en lo futuro y le explicar\u00e1 los nuevos usos que pretenda darle a dicha informaci\u00f3n a fin de recabar su consentimiento<\/p>\n","protected":false},"excerpt":{"rendered":"<p>Qui\u00e9nes somos La direcci\u00f3n de nuestra web es: https:\/\/curvatubing.com. Comentarios Cuando los visitantes dejan comentarios en la web, recopilamos los&hellip;<\/p>\n","protected":false},"author":1,"featured_media":0,"parent":0,"menu_order":0,"comment_status":"closed","ping_status":"closed","template":"","meta":{"_exactmetrics_skip_tracking":false,"_exactmetrics_sitenote_active":false,"_exactmetrics_sitenote_note":"","_exactmetrics_sitenote_category":0,"footnotes":""},"class_list":["post-8639","page","type-page","status-publish","hentry"],"_links":{"self":[{"href":"https:\/\/curvatubing.com\/index.php?rest_route=\/wp\/v2\/pages\/8639","targetHints":{"allow":["GET"]}}],"collection":[{"href":"https:\/\/curvatubing.com\/index.php?rest_route=\/wp\/v2\/pages"}],"about":[{"href":"https:\/\/curvatubing.com\/index.php?rest_route=\/wp\/v2\/types\/page"}],"author":[{"embeddable":true,"href":"https:\/\/curvatubing.com\/index.php?rest_route=\/wp\/v2\/users\/1"}],"replies":[{"embeddable":true,"href":"https:\/\/curvatubing.com\/index.php?rest_route=%2Fwp%2Fv2%2Fcomments&post=8639"}],"version-history":[{"count":4,"href":"https:\/\/curvatubing.com\/index.php?rest_route=\/wp\/v2\/pages\/8639\/revisions"}],"predecessor-version":[{"id":8646,"href":"https:\/\/curvatubing.com\/index.php?rest_route=\/wp\/v2\/pages\/8639\/revisions\/8646"}],"wp:attachment":[{"href":"https:\/\/curvatubing.com\/index.php?rest_route=%2Fwp%2Fv2%2Fmedia&parent=8639"}],"curies":[{"name":"wp","href":"https:\/\/api.w.org\/{rel}","templated":true}]}}