{"id":9058,"date":"2026-04-19T17:51:40","date_gmt":"2026-04-19T23:51:40","guid":{"rendered":"https:\/\/curvatubing.com\/?page_id=9058"},"modified":"2026-04-19T19:10:02","modified_gmt":"2026-04-20T01:10:02","slug":"diseno-cad-2d-3d-automatizacion","status":"publish","type":"page","link":"https:\/\/curvatubing.com\/?page_id=9058","title":{"rendered":"Dise\u00f1o CAD 2D-3D Automatizaci\u00f3n"},"content":{"rendered":"\n<p>Dise\u00f1o, planos, archivos de corte laser.<\/p>\n\n\n\n<p>Transformamos tus ideas en ingenier\u00eda lista para producci\u00f3n, modelos 3D, despieces y archivos optimizados para corte laser, enfoque en manufactura y datos tecnicos.<\/p>\n\n\n\n<figure class=\"wp-block-gallery has-nested-images columns-default is-cropped wp-block-gallery-1 is-layout-flex wp-block-gallery-is-layout-flex\">\n<figure class=\"wp-block-image size-large\"><img loading=\"lazy\" decoding=\"async\" width=\"1024\" height=\"576\" data-id=\"9107\" src=\"https:\/\/curvatubing.com\/wp-content\/uploads\/Sistema-Plumas-via-corta-1024x576.jpg\" alt=\"\" class=\"wp-image-9107\" srcset=\"https:\/\/curvatubing.com\/wp-content\/uploads\/Sistema-Plumas-via-corta-1024x576.jpg 1024w, https:\/\/curvatubing.com\/wp-content\/uploads\/Sistema-Plumas-via-corta-300x169.jpg 300w, https:\/\/curvatubing.com\/wp-content\/uploads\/Sistema-Plumas-via-corta-768x432.jpg 768w, https:\/\/curvatubing.com\/wp-content\/uploads\/Sistema-Plumas-via-corta-1536x864.jpg 1536w, https:\/\/curvatubing.com\/wp-content\/uploads\/Sistema-Plumas-via-corta.jpg 1600w\" sizes=\"auto, (max-width: 1024px) 100vw, 1024px\" \/><\/figure>\n\n\n\n<figure class=\"wp-block-image size-large\"><img loading=\"lazy\" decoding=\"async\" width=\"993\" height=\"975\" data-id=\"9106\" src=\"https:\/\/curvatubing.com\/wp-content\/uploads\/Sistema-agitacion.jpg\" alt=\"\" class=\"wp-image-9106\" srcset=\"https:\/\/curvatubing.com\/wp-content\/uploads\/Sistema-agitacion.jpg 993w, https:\/\/curvatubing.com\/wp-content\/uploads\/Sistema-agitacion-300x295.jpg 300w, https:\/\/curvatubing.com\/wp-content\/uploads\/Sistema-agitacion-768x754.jpg 768w\" sizes=\"auto, (max-width: 993px) 100vw, 993px\" \/><\/figure>\n\n\n\n<figure class=\"wp-block-image size-large\"><img loading=\"lazy\" decoding=\"async\" width=\"649\" height=\"364\" data-id=\"9105\" src=\"https:\/\/curvatubing.com\/wp-content\/uploads\/Oficina-002.jpg\" alt=\"\" class=\"wp-image-9105\" srcset=\"https:\/\/curvatubing.com\/wp-content\/uploads\/Oficina-002.jpg 649w, https:\/\/curvatubing.com\/wp-content\/uploads\/Oficina-002-300x168.jpg 300w\" sizes=\"auto, (max-width: 649px) 100vw, 649px\" \/><\/figure>\n\n\n\n<figure class=\"wp-block-image size-large\"><img loading=\"lazy\" decoding=\"async\" width=\"1024\" height=\"566\" data-id=\"9104\" src=\"https:\/\/curvatubing.com\/wp-content\/uploads\/Oficina-001-1024x566.jpg\" alt=\"\" class=\"wp-image-9104\" srcset=\"https:\/\/curvatubing.com\/wp-content\/uploads\/Oficina-001-1024x566.jpg 1024w, https:\/\/curvatubing.com\/wp-content\/uploads\/Oficina-001-300x166.jpg 300w, https:\/\/curvatubing.com\/wp-content\/uploads\/Oficina-001-768x424.jpg 768w, https:\/\/curvatubing.com\/wp-content\/uploads\/Oficina-001.jpg 1455w\" sizes=\"auto, (max-width: 1024px) 100vw, 1024px\" \/><\/figure>\n\n\n\n<figure class=\"wp-block-image size-large\"><img loading=\"lazy\" decoding=\"async\" width=\"1024\" height=\"819\" data-id=\"9103\" src=\"https:\/\/curvatubing.com\/wp-content\/uploads\/Mesa-banda-transportadora-001-1024x819.jpg\" alt=\"\" class=\"wp-image-9103\" srcset=\"https:\/\/curvatubing.com\/wp-content\/uploads\/Mesa-banda-transportadora-001-1024x819.jpg 1024w, https:\/\/curvatubing.com\/wp-content\/uploads\/Mesa-banda-transportadora-001-300x240.jpg 300w, https:\/\/curvatubing.com\/wp-content\/uploads\/Mesa-banda-transportadora-001-768x614.jpg 768w, https:\/\/curvatubing.com\/wp-content\/uploads\/Mesa-banda-transportadora-001.jpg 1350w\" sizes=\"auto, (max-width: 1024px) 100vw, 1024px\" \/><\/figure>\n\n\n\n<figure class=\"wp-block-image size-large\"><img loading=\"lazy\" decoding=\"async\" width=\"768\" height=\"1024\" data-id=\"9102\" src=\"https:\/\/curvatubing.com\/wp-content\/uploads\/Maquinaria-007-768x1024.jpg\" alt=\"\" class=\"wp-image-9102\" srcset=\"https:\/\/curvatubing.com\/wp-content\/uploads\/Maquinaria-007-768x1024.jpg 768w, https:\/\/curvatubing.com\/wp-content\/uploads\/Maquinaria-007-225x300.jpg 225w, https:\/\/curvatubing.com\/wp-content\/uploads\/Maquinaria-007-1152x1536.jpg 1152w, https:\/\/curvatubing.com\/wp-content\/uploads\/Maquinaria-007.jpg 1200w\" sizes=\"auto, (max-width: 768px) 100vw, 768px\" \/><\/figure>\n\n\n\n<figure class=\"wp-block-image size-large\"><img loading=\"lazy\" decoding=\"async\" width=\"576\" height=\"1024\" data-id=\"9101\" src=\"https:\/\/curvatubing.com\/wp-content\/uploads\/Maquinaria-005-576x1024.jpg\" alt=\"\" class=\"wp-image-9101\" srcset=\"https:\/\/curvatubing.com\/wp-content\/uploads\/Maquinaria-005-576x1024.jpg 576w, https:\/\/curvatubing.com\/wp-content\/uploads\/Maquinaria-005-169x300.jpg 169w, https:\/\/curvatubing.com\/wp-content\/uploads\/Maquinaria-005-768x1365.jpg 768w, https:\/\/curvatubing.com\/wp-content\/uploads\/Maquinaria-005-864x1536.jpg 864w, https:\/\/curvatubing.com\/wp-content\/uploads\/Maquinaria-005.jpg 900w\" sizes=\"auto, (max-width: 576px) 100vw, 576px\" \/><\/figure>\n\n\n\n<figure class=\"wp-block-image size-large\"><img loading=\"lazy\" decoding=\"async\" width=\"1024\" height=\"576\" data-id=\"9100\" src=\"https:\/\/curvatubing.com\/wp-content\/uploads\/Maquinaria-004-1024x576.jpg\" alt=\"\" class=\"wp-image-9100\" srcset=\"https:\/\/curvatubing.com\/wp-content\/uploads\/Maquinaria-004-1024x576.jpg 1024w, https:\/\/curvatubing.com\/wp-content\/uploads\/Maquinaria-004-300x169.jpg 300w, https:\/\/curvatubing.com\/wp-content\/uploads\/Maquinaria-004-768x432.jpg 768w, https:\/\/curvatubing.com\/wp-content\/uploads\/Maquinaria-004-1536x864.jpg 1536w, https:\/\/curvatubing.com\/wp-content\/uploads\/Maquinaria-004.jpg 1600w\" sizes=\"auto, (max-width: 1024px) 100vw, 1024px\" \/><\/figure>\n\n\n\n<figure class=\"wp-block-image size-large\"><img loading=\"lazy\" decoding=\"async\" width=\"1024\" height=\"570\" data-id=\"9099\" src=\"https:\/\/curvatubing.com\/wp-content\/uploads\/Maquinaria-003-1024x570.jpg\" alt=\"\" class=\"wp-image-9099\" srcset=\"https:\/\/curvatubing.com\/wp-content\/uploads\/Maquinaria-003-1024x570.jpg 1024w, https:\/\/curvatubing.com\/wp-content\/uploads\/Maquinaria-003-300x167.jpg 300w, https:\/\/curvatubing.com\/wp-content\/uploads\/Maquinaria-003-768x427.jpg 768w, https:\/\/curvatubing.com\/wp-content\/uploads\/Maquinaria-003-1536x854.jpg 1536w, https:\/\/curvatubing.com\/wp-content\/uploads\/Maquinaria-003.jpg 1600w\" sizes=\"auto, (max-width: 1024px) 100vw, 1024px\" \/><\/figure>\n\n\n\n<figure class=\"wp-block-image size-large\"><img loading=\"lazy\" decoding=\"async\" width=\"1024\" height=\"524\" data-id=\"9098\" src=\"https:\/\/curvatubing.com\/wp-content\/uploads\/Maquinaria-002-1024x524.jpg\" alt=\"\" class=\"wp-image-9098\" srcset=\"https:\/\/curvatubing.com\/wp-content\/uploads\/Maquinaria-002-1024x524.jpg 1024w, https:\/\/curvatubing.com\/wp-content\/uploads\/Maquinaria-002-300x154.jpg 300w, https:\/\/curvatubing.com\/wp-content\/uploads\/Maquinaria-002-768x393.jpg 768w, https:\/\/curvatubing.com\/wp-content\/uploads\/Maquinaria-002.jpg 1517w\" sizes=\"auto, (max-width: 1024px) 100vw, 1024px\" \/><\/figure>\n\n\n\n<figure class=\"wp-block-image size-large\"><img loading=\"lazy\" decoding=\"async\" width=\"1024\" height=\"576\" data-id=\"9097\" src=\"https:\/\/curvatubing.com\/wp-content\/uploads\/Maquinaria-001-1024x576.jpg\" alt=\"\" class=\"wp-image-9097\" srcset=\"https:\/\/curvatubing.com\/wp-content\/uploads\/Maquinaria-001-1024x576.jpg 1024w, https:\/\/curvatubing.com\/wp-content\/uploads\/Maquinaria-001-300x169.jpg 300w, https:\/\/curvatubing.com\/wp-content\/uploads\/Maquinaria-001-768x432.jpg 768w, https:\/\/curvatubing.com\/wp-content\/uploads\/Maquinaria-001-1536x864.jpg 1536w, https:\/\/curvatubing.com\/wp-content\/uploads\/Maquinaria-001.jpg 1600w\" sizes=\"auto, (max-width: 1024px) 100vw, 1024px\" \/><\/figure>\n\n\n\n<figure class=\"wp-block-image size-large\"><img loading=\"lazy\" decoding=\"async\" width=\"1024\" height=\"576\" data-id=\"9096\" src=\"https:\/\/curvatubing.com\/wp-content\/uploads\/Llenadora-de-botella-1024x576.jpg\" alt=\"\" class=\"wp-image-9096\" srcset=\"https:\/\/curvatubing.com\/wp-content\/uploads\/Llenadora-de-botella-1024x576.jpg 1024w, https:\/\/curvatubing.com\/wp-content\/uploads\/Llenadora-de-botella-300x169.jpg 300w, https:\/\/curvatubing.com\/wp-content\/uploads\/Llenadora-de-botella-768x432.jpg 768w, https:\/\/curvatubing.com\/wp-content\/uploads\/Llenadora-de-botella-1536x864.jpg 1536w, https:\/\/curvatubing.com\/wp-content\/uploads\/Llenadora-de-botella.jpg 1600w\" sizes=\"auto, (max-width: 1024px) 100vw, 1024px\" \/><\/figure>\n\n\n\n<figure class=\"wp-block-image size-large\"><img loading=\"lazy\" decoding=\"async\" width=\"1024\" height=\"687\" data-id=\"9095\" src=\"https:\/\/curvatubing.com\/wp-content\/uploads\/Lavadora-Pepinos--1024x687.jpg\" alt=\"\" class=\"wp-image-9095\" srcset=\"https:\/\/curvatubing.com\/wp-content\/uploads\/Lavadora-Pepinos--1024x687.jpg 1024w, https:\/\/curvatubing.com\/wp-content\/uploads\/Lavadora-Pepinos--300x201.jpg 300w, https:\/\/curvatubing.com\/wp-content\/uploads\/Lavadora-Pepinos--768x515.jpg 768w, https:\/\/curvatubing.com\/wp-content\/uploads\/Lavadora-Pepinos-.jpg 1186w\" sizes=\"auto, (max-width: 1024px) 100vw, 1024px\" \/><\/figure>\n\n\n\n<figure class=\"wp-block-image size-large\"><img loading=\"lazy\" decoding=\"async\" width=\"720\" height=\"795\" data-id=\"9094\" src=\"https:\/\/curvatubing.com\/wp-content\/uploads\/Gimnasio-005.jpg\" alt=\"\" class=\"wp-image-9094\" srcset=\"https:\/\/curvatubing.com\/wp-content\/uploads\/Gimnasio-005.jpg 720w, https:\/\/curvatubing.com\/wp-content\/uploads\/Gimnasio-005-272x300.jpg 272w\" sizes=\"auto, (max-width: 720px) 100vw, 720px\" \/><\/figure>\n\n\n\n<figure class=\"wp-block-image size-large\"><img loading=\"lazy\" decoding=\"async\" width=\"684\" height=\"821\" data-id=\"9093\" src=\"https:\/\/curvatubing.com\/wp-content\/uploads\/Gimnasio-004.jpg\" alt=\"\" class=\"wp-image-9093\" srcset=\"https:\/\/curvatubing.com\/wp-content\/uploads\/Gimnasio-004.jpg 684w, https:\/\/curvatubing.com\/wp-content\/uploads\/Gimnasio-004-250x300.jpg 250w\" sizes=\"auto, (max-width: 684px) 100vw, 684px\" \/><\/figure>\n\n\n\n<figure class=\"wp-block-image size-large\"><img loading=\"lazy\" decoding=\"async\" width=\"1024\" height=\"760\" data-id=\"9092\" src=\"https:\/\/curvatubing.com\/wp-content\/uploads\/Gimnasio-003-1024x760.jpg\" alt=\"\" class=\"wp-image-9092\" srcset=\"https:\/\/curvatubing.com\/wp-content\/uploads\/Gimnasio-003-1024x760.jpg 1024w, https:\/\/curvatubing.com\/wp-content\/uploads\/Gimnasio-003-300x223.jpg 300w, https:\/\/curvatubing.com\/wp-content\/uploads\/Gimnasio-003-768x570.jpg 768w, https:\/\/curvatubing.com\/wp-content\/uploads\/Gimnasio-003.jpg 1067w\" sizes=\"auto, (max-width: 1024px) 100vw, 1024px\" \/><\/figure>\n\n\n\n<figure class=\"wp-block-image size-large\"><img loading=\"lazy\" decoding=\"async\" width=\"1024\" height=\"747\" data-id=\"9091\" src=\"https:\/\/curvatubing.com\/wp-content\/uploads\/Gimnasio-002-1024x747.jpg\" alt=\"\" class=\"wp-image-9091\" srcset=\"https:\/\/curvatubing.com\/wp-content\/uploads\/Gimnasio-002-1024x747.jpg 1024w, https:\/\/curvatubing.com\/wp-content\/uploads\/Gimnasio-002-300x219.jpg 300w, https:\/\/curvatubing.com\/wp-content\/uploads\/Gimnasio-002-768x560.jpg 768w, https:\/\/curvatubing.com\/wp-content\/uploads\/Gimnasio-002.jpg 1206w\" sizes=\"auto, (max-width: 1024px) 100vw, 1024px\" \/><\/figure>\n\n\n\n<figure class=\"wp-block-image size-large\"><img loading=\"lazy\" decoding=\"async\" width=\"1024\" height=\"611\" data-id=\"9090\" src=\"https:\/\/curvatubing.com\/wp-content\/uploads\/Gimnasio-001-1024x611.jpg\" alt=\"\" class=\"wp-image-9090\" srcset=\"https:\/\/curvatubing.com\/wp-content\/uploads\/Gimnasio-001-1024x611.jpg 1024w, https:\/\/curvatubing.com\/wp-content\/uploads\/Gimnasio-001-300x179.jpg 300w, https:\/\/curvatubing.com\/wp-content\/uploads\/Gimnasio-001-768x458.jpg 768w, https:\/\/curvatubing.com\/wp-content\/uploads\/Gimnasio-001.jpg 1084w\" sizes=\"auto, (max-width: 1024px) 100vw, 1024px\" \/><\/figure>\n\n\n\n<figure class=\"wp-block-image size-large\"><img loading=\"lazy\" decoding=\"async\" width=\"792\" height=\"1024\" data-id=\"9089\" src=\"https:\/\/curvatubing.com\/wp-content\/uploads\/Escalera-001-792x1024.jpg\" alt=\"\" class=\"wp-image-9089\" srcset=\"https:\/\/curvatubing.com\/wp-content\/uploads\/Escalera-001-792x1024.jpg 792w, https:\/\/curvatubing.com\/wp-content\/uploads\/Escalera-001-232x300.jpg 232w, https:\/\/curvatubing.com\/wp-content\/uploads\/Escalera-001-768x993.jpg 768w, https:\/\/curvatubing.com\/wp-content\/uploads\/Escalera-001.jpg 821w\" sizes=\"auto, (max-width: 792px) 100vw, 792px\" \/><\/figure>\n\n\n\n<figure class=\"wp-block-image size-large\"><img loading=\"lazy\" decoding=\"async\" width=\"1024\" height=\"398\" data-id=\"9088\" src=\"https:\/\/curvatubing.com\/wp-content\/uploads\/Empanizadora-1024x398.jpg\" alt=\"\" class=\"wp-image-9088\" srcset=\"https:\/\/curvatubing.com\/wp-content\/uploads\/Empanizadora-1024x398.jpg 1024w, https:\/\/curvatubing.com\/wp-content\/uploads\/Empanizadora-300x117.jpg 300w, https:\/\/curvatubing.com\/wp-content\/uploads\/Empanizadora-768x299.jpg 768w, https:\/\/curvatubing.com\/wp-content\/uploads\/Empanizadora.jpg 1126w\" sizes=\"auto, (max-width: 1024px) 100vw, 1024px\" \/><\/figure>\n\n\n\n<figure class=\"wp-block-image size-large\"><img loading=\"lazy\" decoding=\"async\" width=\"571\" height=\"378\" data-id=\"9087\" src=\"https:\/\/curvatubing.com\/wp-content\/uploads\/Empanizadora-2.jpg\" alt=\"\" class=\"wp-image-9087\" srcset=\"https:\/\/curvatubing.com\/wp-content\/uploads\/Empanizadora-2.jpg 571w, https:\/\/curvatubing.com\/wp-content\/uploads\/Empanizadora-2-300x199.jpg 300w\" sizes=\"auto, (max-width: 571px) 100vw, 571px\" \/><\/figure>\n\n\n\n<figure class=\"wp-block-image size-large\"><img loading=\"lazy\" decoding=\"async\" width=\"1024\" height=\"576\" data-id=\"9086\" src=\"https:\/\/curvatubing.com\/wp-content\/uploads\/Cocinas-005-1024x576.jpg\" alt=\"\" class=\"wp-image-9086\" srcset=\"https:\/\/curvatubing.com\/wp-content\/uploads\/Cocinas-005-1024x576.jpg 1024w, https:\/\/curvatubing.com\/wp-content\/uploads\/Cocinas-005-300x169.jpg 300w, https:\/\/curvatubing.com\/wp-content\/uploads\/Cocinas-005-768x432.jpg 768w, https:\/\/curvatubing.com\/wp-content\/uploads\/Cocinas-005-1536x864.jpg 1536w, https:\/\/curvatubing.com\/wp-content\/uploads\/Cocinas-005.jpg 1600w\" sizes=\"auto, (max-width: 1024px) 100vw, 1024px\" \/><\/figure>\n\n\n\n<figure class=\"wp-block-image size-large\"><img loading=\"lazy\" decoding=\"async\" width=\"1024\" height=\"790\" data-id=\"9085\" src=\"https:\/\/curvatubing.com\/wp-content\/uploads\/Cocinas-004-1024x790.jpg\" alt=\"\" class=\"wp-image-9085\" srcset=\"https:\/\/curvatubing.com\/wp-content\/uploads\/Cocinas-004-1024x790.jpg 1024w, https:\/\/curvatubing.com\/wp-content\/uploads\/Cocinas-004-300x232.jpg 300w, https:\/\/curvatubing.com\/wp-content\/uploads\/Cocinas-004-768x593.jpg 768w, https:\/\/curvatubing.com\/wp-content\/uploads\/Cocinas-004.jpg 1280w\" sizes=\"auto, (max-width: 1024px) 100vw, 1024px\" \/><\/figure>\n\n\n\n<figure class=\"wp-block-image size-large\"><img loading=\"lazy\" decoding=\"async\" width=\"1024\" height=\"790\" data-id=\"9084\" src=\"https:\/\/curvatubing.com\/wp-content\/uploads\/Cocinas-003-1024x790.jpg\" alt=\"\" class=\"wp-image-9084\" srcset=\"https:\/\/curvatubing.com\/wp-content\/uploads\/Cocinas-003-1024x790.jpg 1024w, https:\/\/curvatubing.com\/wp-content\/uploads\/Cocinas-003-300x232.jpg 300w, https:\/\/curvatubing.com\/wp-content\/uploads\/Cocinas-003-768x593.jpg 768w, https:\/\/curvatubing.com\/wp-content\/uploads\/Cocinas-003.jpg 1280w\" sizes=\"auto, (max-width: 1024px) 100vw, 1024px\" \/><\/figure>\n\n\n\n<figure class=\"wp-block-image size-large\"><img loading=\"lazy\" decoding=\"async\" width=\"1024\" height=\"576\" data-id=\"9083\" src=\"https:\/\/curvatubing.com\/wp-content\/uploads\/Cocinas-002-1024x576.jpg\" alt=\"\" class=\"wp-image-9083\" srcset=\"https:\/\/curvatubing.com\/wp-content\/uploads\/Cocinas-002-1024x576.jpg 1024w, https:\/\/curvatubing.com\/wp-content\/uploads\/Cocinas-002-300x169.jpg 300w, https:\/\/curvatubing.com\/wp-content\/uploads\/Cocinas-002-768x432.jpg 768w, https:\/\/curvatubing.com\/wp-content\/uploads\/Cocinas-002-1536x864.jpg 1536w, https:\/\/curvatubing.com\/wp-content\/uploads\/Cocinas-002.jpg 1600w\" sizes=\"auto, (max-width: 1024px) 100vw, 1024px\" \/><\/figure>\n\n\n\n<figure class=\"wp-block-image size-large\"><img loading=\"lazy\" decoding=\"async\" width=\"1024\" height=\"507\" data-id=\"9082\" src=\"https:\/\/curvatubing.com\/wp-content\/uploads\/Cocinas-001-1024x507.jpg\" alt=\"\" class=\"wp-image-9082\" srcset=\"https:\/\/curvatubing.com\/wp-content\/uploads\/Cocinas-001-1024x507.jpg 1024w, https:\/\/curvatubing.com\/wp-content\/uploads\/Cocinas-001-300x148.jpg 300w, https:\/\/curvatubing.com\/wp-content\/uploads\/Cocinas-001-768x380.jpg 768w, https:\/\/curvatubing.com\/wp-content\/uploads\/Cocinas-001.jpg 1168w\" sizes=\"auto, (max-width: 1024px) 100vw, 1024px\" \/><\/figure>\n\n\n\n<figure class=\"wp-block-image size-large\"><img loading=\"lazy\" decoding=\"async\" width=\"1000\" height=\"942\" data-id=\"9081\" src=\"https:\/\/curvatubing.com\/wp-content\/uploads\/Bases-Tanques.jpg\" alt=\"\" class=\"wp-image-9081\" srcset=\"https:\/\/curvatubing.com\/wp-content\/uploads\/Bases-Tanques.jpg 1000w, https:\/\/curvatubing.com\/wp-content\/uploads\/Bases-Tanques-300x283.jpg 300w, https:\/\/curvatubing.com\/wp-content\/uploads\/Bases-Tanques-768x723.jpg 768w\" sizes=\"auto, (max-width: 1000px) 100vw, 1000px\" \/><\/figure>\n\n\n\n<figure class=\"wp-block-image size-large\"><img loading=\"lazy\" decoding=\"async\" width=\"1024\" height=\"846\" data-id=\"9080\" src=\"https:\/\/curvatubing.com\/wp-content\/uploads\/Barandal-002-1024x846.jpg\" alt=\"\" class=\"wp-image-9080\" srcset=\"https:\/\/curvatubing.com\/wp-content\/uploads\/Barandal-002-1024x846.jpg 1024w, https:\/\/curvatubing.com\/wp-content\/uploads\/Barandal-002-300x248.jpg 300w, https:\/\/curvatubing.com\/wp-content\/uploads\/Barandal-002-768x635.jpg 768w, https:\/\/curvatubing.com\/wp-content\/uploads\/Barandal-002.jpg 1280w\" sizes=\"auto, (max-width: 1024px) 100vw, 1024px\" \/><\/figure>\n\n\n\n<figure class=\"wp-block-image size-large\"><img loading=\"lazy\" decoding=\"async\" width=\"1024\" height=\"790\" data-id=\"9079\" src=\"https:\/\/curvatubing.com\/wp-content\/uploads\/Barandal-001-1024x790.jpg\" alt=\"\" class=\"wp-image-9079\" srcset=\"https:\/\/curvatubing.com\/wp-content\/uploads\/Barandal-001-1024x790.jpg 1024w, https:\/\/curvatubing.com\/wp-content\/uploads\/Barandal-001-300x232.jpg 300w, https:\/\/curvatubing.com\/wp-content\/uploads\/Barandal-001-768x593.jpg 768w, https:\/\/curvatubing.com\/wp-content\/uploads\/Barandal-001.jpg 1280w\" sizes=\"auto, (max-width: 1024px) 100vw, 1024px\" \/><\/figure>\n<\/figure>\n\n\n","protected":false},"excerpt":{"rendered":"<p>Dise\u00f1o, planos, archivos de corte laser. Transformamos tus ideas en ingenier\u00eda lista para producci\u00f3n, modelos 3D, despieces y archivos optimizados&hellip;<\/p>\n","protected":false},"author":1,"featured_media":0,"parent":0,"menu_order":0,"comment_status":"closed","ping_status":"closed","template":"","meta":{"_exactmetrics_skip_tracking":false,"_exactmetrics_sitenote_active":false,"_exactmetrics_sitenote_note":"","_exactmetrics_sitenote_category":0,"footnotes":""},"class_list":["post-9058","page","type-page","status-publish","hentry"],"_links":{"self":[{"href":"https:\/\/curvatubing.com\/index.php?rest_route=\/wp\/v2\/pages\/9058","targetHints":{"allow":["GET"]}}],"collection":[{"href":"https:\/\/curvatubing.com\/index.php?rest_route=\/wp\/v2\/pages"}],"about":[{"href":"https:\/\/curvatubing.com\/index.php?rest_route=\/wp\/v2\/types\/page"}],"author":[{"embeddable":true,"href":"https:\/\/curvatubing.com\/index.php?rest_route=\/wp\/v2\/users\/1"}],"replies":[{"embeddable":true,"href":"https:\/\/curvatubing.com\/index.php?rest_route=%2Fwp%2Fv2%2Fcomments&post=9058"}],"version-history":[{"count":2,"href":"https:\/\/curvatubing.com\/index.php?rest_route=\/wp\/v2\/pages\/9058\/revisions"}],"predecessor-version":[{"id":9112,"href":"https:\/\/curvatubing.com\/index.php?rest_route=\/wp\/v2\/pages\/9058\/revisions\/9112"}],"wp:attachment":[{"href":"https:\/\/curvatubing.com\/index.php?rest_route=%2Fwp%2Fv2%2Fmedia&parent=9058"}],"curies":[{"name":"wp","href":"https:\/\/api.w.org\/{rel}","templated":true}]}}